{"id":5916,"date":"2016-06-07T10:26:29","date_gmt":"2016-06-07T10:26:29","guid":{"rendered":"http:\/\/rebozo.nl\/?post_type=product&#038;p=5916"},"modified":"2026-04-13T17:54:45","modified_gmt":"2026-04-13T17:54:45","slug":"das-ubungsbuch-auf-tuchfuhlung-mit-der-rebozotechnik","status":"publish","type":"product","link":"https:\/\/rebozo.nl\/en\/shop\/das-ubungsbuch-auf-tuchfuhlung-mit-der-rebozotechnik\/","title":{"rendered":"Das \u00dcbungsbuch \u2018&#8217;Auf Tuchf\u00fchlung mit der Rebozotechnik\u2019"},"content":{"rendered":"<p class=\"Normal-P\"><span class=\"Normal-C1\">&#8221;Auf Tuchf\u00fchlung mit der Rebozotechnik&#8217; ist eine praktische Anleitung f\u00fcr jeden, der die Rebozotechnik kennerlernen oder sich in diese Technik vertiefen will.<\/span><\/p>\n<p class=\"Normal-P\"><span class=\"Normal-C1\">Das Buch enth\u00e4lt 157 Seiten und ist in einen theoretischen und einen praktischen Teil gegliedert. Im theoretischen Teil bekommen Sie Hintergrundinformationen \u00fcber Geschichte und Anwendungsbereiche der Rebozo. Der praktische Teil beschreibt die unterschiedlichen Massagetechniken Schritt f\u00fcr Schritt mit anschaulichen Zeichnungen.<\/span><\/p>\n<p class=\"Normal-P\"><span class=\"Normal-C1\">Endlich wird das Wissen um die Rebozotechnik weltweit bekannt gegeben!<\/span><\/p>\n","protected":false},"excerpt":{"rendered":"<p>&#8221;Auf Tuchf\u00fchlung mit der Rebozotechnik&#8217; ist eine praktische Anleitung f\u00fcr jeden, der die Rebozotechnik kennerlernen oder sich in diese Technik vertiefen will. Das Buch enth\u00e4lt 157 Seiten und ist in einen theoretischen und einen praktischen Teil gegliedert. Im theoretischen Teil bekommen Sie Hintergrundinformationen \u00fcber Geschichte und Anwendungsbereiche der Rebozo. Der praktische Teil beschreibt die unterschiedlichen [&hellip;]<\/p>\n","protected":false},"featured_media":7913,"template":"","meta":{"_et_pb_use_builder":"","_et_pb_old_content":"","_et_gb_content_width":"","_monsterinsights_skip_tracking":false,"_monsterinsights_sitenote_active":false,"_monsterinsights_sitenote_note":"","_monsterinsights_sitenote_category":0},"product_brand":[],"product_cat":[38],"product_tag":[],"class_list":{"0":"post-5916","1":"product","2":"type-product","3":"status-publish","4":"has-post-thumbnail","6":"product_cat-werkboek","8":"first","9":"instock","10":"taxable","11":"shipping-taxable","12":"purchasable","13":"product-type-simple"},"_links":{"self":[{"href":"https:\/\/rebozo.nl\/en\/wp-json\/wp\/v2\/product\/5916","targetHints":{"allow":["GET"]}}],"collection":[{"href":"https:\/\/rebozo.nl\/en\/wp-json\/wp\/v2\/product"}],"about":[{"href":"https:\/\/rebozo.nl\/en\/wp-json\/wp\/v2\/types\/product"}],"wp:featuredmedia":[{"embeddable":true,"href":"https:\/\/rebozo.nl\/en\/wp-json\/wp\/v2\/media\/7913"}],"wp:attachment":[{"href":"https:\/\/rebozo.nl\/en\/wp-json\/wp\/v2\/media?parent=5916"}],"wp:term":[{"taxonomy":"product_brand","embeddable":true,"href":"https:\/\/rebozo.nl\/en\/wp-json\/wp\/v2\/product_brand?post=5916"},{"taxonomy":"product_cat","embeddable":true,"href":"https:\/\/rebozo.nl\/en\/wp-json\/wp\/v2\/product_cat?post=5916"},{"taxonomy":"product_tag","embeddable":true,"href":"https:\/\/rebozo.nl\/en\/wp-json\/wp\/v2\/product_tag?post=5916"}],"curies":[{"name":"wp","href":"https:\/\/api.w.org\/{rel}","templated":true}]}}