{"id":7454,"date":"2013-12-05T19:48:46","date_gmt":"2013-12-05T19:48:46","guid":{"rendered":"http:\/\/rebozo.nl\/rebozo-massage-workshop\/"},"modified":"2025-12-04T13:58:43","modified_gmt":"2025-12-04T13:58:43","slug":"rebozo-massage-workshop","status":"publish","type":"page","link":"https:\/\/rebozo.nl\/de\/rebozo-massage-workshop\/","title":{"rendered":"Rebozo-Massage-Workshop"},"content":{"rendered":"<p>[et_pb_section fb_built=&#8220;1&#8243; custom_padding_last_edited=&#8220;on|tablet&#8220; _builder_version=&#8220;4.27.4&#8243; _module_preset=&#8220;default&#8220; background_color=&#8220;#f5f5f5&#8243; custom_padding=&#8220;||79px|||&#8220; custom_padding_tablet=&#8220;||50px||false|false&#8220; custom_padding_phone=&#8220;||50px||false|false&#8220; global_colors_info=&#8220;{}&#8220; da_is_popup=&#8220;off&#8220; da_exit_intent=&#8220;off&#8220; da_has_close=&#8220;on&#8220; da_alt_close=&#8220;off&#8220; da_dark_close=&#8220;off&#8220; da_not_modal=&#8220;on&#8220; da_is_singular=&#8220;off&#8220; da_with_loader=&#8220;off&#8220; da_has_shadow=&#8220;on&#8220; da_disable_devices=&#8220;off|off|off&#8220;][et_pb_row _builder_version=&#8220;4.27.4&#8243; _module_preset=&#8220;default&#8220; global_colors_info=&#8220;{}&#8220;][et_pb_column type=&#8220;4_4&#8243; _builder_version=&#8220;4.27.4&#8243; _module_preset=&#8220;default&#8220; global_colors_info=&#8220;{}&#8220;][et_pb_text _builder_version=&#8220;4.27.4&#8243; _module_preset=&#8220;default&#8220; header_font_size=&#8220;50px&#8220; header_font_size_tablet=&#8220;40px&#8220; header_font_size_phone=&#8220;40px&#8220; header_font_size_last_edited=&#8220;on|tablet&#8220; global_colors_info=&#8220;{}&#8220;]<\/p>\n<h1>Rebozo-Massage-Workshop<\/h1>\n<p>[\/et_pb_text][\/et_pb_column][\/et_pb_row][et_pb_row admin_label=&#8220;Zeile&#8220; _builder_version=&#8220;4.27.4&#8243; background_size=&#8220;initial&#8220; background_position=&#8220;top_left&#8220; background_repeat=&#8220;repeat&#8220; global_colors_info=&#8220;{}&#8220; column_structure=&#8220;3_5,2_5&#8243;][et_pb_column type=&#8220;3_5&#8243; _builder_version=&#8220;4.16&#8243; custom_padding=&#8220;|||&#8220; global_colors_info=&#8220;{}&#8220; custom_padding__hover=&#8220;|||&#8220;][et_pb_text admin_label=&#8220;Text&#8220; _builder_version=&#8220;4.27.4&#8243; background_size=&#8220;initial&#8220; background_position=&#8220;top_left&#8220; background_repeat=&#8220;repeat&#8220; width_tablet=&#8220;&#8220; width_phone=&#8220;&#8220; width_last_edited=&#8220;on|phone&#8220; hover_enabled=&#8220;0&#8243; global_colors_info=&#8220;{}&#8220; sticky_enabled=&#8220;0&#8243;]<\/p>\n<p><strong>Der Rebozo-Workshop konzentriert sich auf verschiedene Massagem\u00f6glichkeiten mit der Schlinge, um Entspannung und unterst\u00fctzende Bewegung zu bringen.<\/strong><\/p>\n<p>Die verwendeten Rebozo-Massagen scheinen allen (Jung und Alt) Entspannung zu bringen und k\u00f6nnen daher in vielen Situationen angewendet werden. Die Workshops bieten die M\u00f6glichkeit, die Massage zu lernen, viel zu \u00fcben und die Rebozo-Massage selbst zu erleben. Ein ganzer Tag wird mit verschiedenen Positionen ge\u00fcbt.<\/p>\n<p>Ein Workshop wird immer an die Bed\u00fcrfnisse der Teilnehmer angepasst. In der Regel wird mit dem Basis Kurs gestartet, die bei Bedarf um weitere Aktionen erweitert wird. Es ist auch m\u00f6glich, einen \u2018internen Workshop\u2019 anzufordern. Dies kann bei einer Hebammenpraxis oder einer Praxis f\u00fcr Trageberaterinnen, einer Gruppe von Doulas oder anderen Interessenten sein. Wir freuen uns, einen Workshop mit unseren Rebozos in Ihrem Raum zu geben!<\/p>\n<p>Die Termine der bereits geplanten Workshops finden Sie in der Agenda.<\/p>\n<p>[\/et_pb_text][\/et_pb_column][et_pb_column type=&#8220;2_5&#8243; _builder_version=&#8220;4.16&#8243; custom_padding=&#8220;|||&#8220; global_colors_info=&#8220;{}&#8220; custom_padding__hover=&#8220;|||&#8220;][et_pb_code _builder_version=&#8220;4.27.4&#8243; _module_preset=&#8220;default&#8220; hover_enabled=&#8220;0&#8243; sticky_enabled=&#8220;0&#8243;]<div class=\"simcal-calendar simcal-default-calendar simcal-default-calendar-list simcal-default-calendar-light\" data-calendar-id=\"5422\" data-timezone=\"UTC\" data-offset=\"0\" data-week-start=\"1\" data-calendar-start=\"1777323522\" data-calendar-end=\"1797177600\" data-events-first=\"1775894400\" data-events-last=\"1797177600\"><div class=\"simcal-calendar-list \"><nav class=\"simcal-calendar-head\">\n\t<div class=\"simcal-nav\">\n\t\t<button class=\"simcal-nav-button simcal-prev\" title=\"Zur\u00fcck\" aria-label=\"Zur\u00fcck\">\n\t\t\t<i class=\"simcal-icon-left\"><\/i>\n\t\t<\/button>\n\t<\/div>\n\t<div class=\"simcal-nav simcal-current \" data-calendar-current=\"1777323522\">\n\t\t<h3 class=\"simcal-current-label\"> <\/h3>\n\t<\/div>\n\t<div class=\"simcal-nav\">\t\t<button class=\"simcal-nav-button simcal-next\" title=\"Weiter\" aria-label=\"Weiter\">\t\t\t<i class=\"simcal-icon-right\"><\/i>\n\t\t<\/button>\n\t<\/div>\n<\/nav>\n<dl class=\"simcal-events-list-container\" data-prev=\"1775894400\" data-next=\"1797177600\" data-heading-small=\"Juni - Dez. 2026\" data-heading-large=\"Juni - Dezember, 2026\">\t<dt class=\"simcal-day-label\" style=\"border-bottom: 1px solid #c62067;\" ><span style=\"background-color: #c62067; color: #ffffff;\"><span class=\"simcal-date-format\" data-date-format=\"j F Y\">11 Juni 2026<\/span> <\/span><\/dt>\n<dd class=\"simcal-weekday-4 simcal-today simcal-present simcal-day simcal-day-has-events simcal-day-has-1-events simcal-events-calendar-5422\" data-events-count=\"1\">\n\t<ul class=\"simcal-events\">\n\t<li class=\"simcal-event simcal-event-has-location simcal-events-calendar-5422\" style=\"\" itemscope itemtype=\"http:\/\/schema.org\/Event\" data-start=\"1781166600\">\n\t\t<div class=\"simcal-event-details\"><p><span class=\"simcal-event-start simcal-event-start-date\" data-event-start=\"1781166600\" data-event-format=\"j F Y\" itemprop=\"startDate\" content=\"2026-06-11T08:30:00+00:00\">11 Juni 2026<\/span>&nbsp;&nbsp;<span class=\"simcal-event-start simcal-event-start-time\" data-event-start=\"1781166600\" data-event-format=\"G:i\" itemprop=\"startDate\" content=\"2026-06-11T08:30:00+00:00\">8:30<\/span> - <span class=\"simcal-event-start simcal-event-end-date\" data-event-start=\"1781276400\" data-event-format=\"j F Y\" itemprop=\"endDate\" content=\"2026-06-12T15:00:00+00:00\">12 Juni 2026<\/span>&nbsp;&nbsp;<span class=\"simcal-event-end simcal-event-end-time\" data-event-end=\"1781276400\" data-event-format=\"G:i\" itemprop=\"endDate\" content=\"2026-06-12T15:00:00+00:00\">15:00<\/span><br \/>\n <span class=\"simcal-event-address simcal-event-start-location\" itemprop=\"location\" itemscope itemtype=\"http:\/\/schema.org\/Place\"><meta itemprop=\"name\" content=\"Mus\u00e4usstra\u00dfe 12A, 51067 K\u00f6ln, Duitsland\" \/><meta itemprop=\"address\" content=\"Mus\u00e4usstra\u00dfe 12A, 51067 K\u00f6ln, Duitsland\" \/>Mus\u00e4usstra\u00dfe 12A, 51067 K\u00f6ln, Duitsland<\/span><\/p>\n<div><div class=\"simcal-event-description\" itemprop=\"description\"><p>Weitere Informationen und Anmeldung finden Sie unter:https:\/\/promedica.koeln\/Rebozo-Massagetechnik-Schwangerschaft-Geburt-Rueckbildung-therapiebegleitend-Fortbildung-Doula-Hebammen.html <\/p>\n<\/div><\/div>\n<p> <a href=\"https:\/\/www.google.com\/calendar\/event?eid=NmtyM2dkcjI3MHFqY2JiMjY1Z2phYjlrNm9vM2diOXA3MHAzOGI5aWM4cmplZHBrYzhwamFvOWs2ayBpbmZvcmVib3pvQG0&#038;ctz=UTC\" target=\"_blank\" >Bekijk meer details<\/a><\/p><\/div>\n\t<\/li>\n<\/ul>\n\n<\/dd>\n\t<dt class=\"simcal-day-label\" style=\"border-bottom: 1px solid #c62067;\" ><span style=\"background-color: #c62067; color: #ffffff;\"><span class=\"simcal-date-format\" data-date-format=\"j F Y\">11 September 2026<\/span> <\/span><\/dt>\n<dd class=\"simcal-weekday-5 simcal-today simcal-present simcal-day simcal-day-has-events simcal-day-has-1-events simcal-events-calendar-5422\" data-events-count=\"1\">\n\t<ul class=\"simcal-events\">\n\t<li class=\"simcal-event simcal-event-has-location simcal-events-calendar-5422\" style=\"\" itemscope itemtype=\"http:\/\/schema.org\/Event\" data-start=\"1789115400\">\n\t\t<div class=\"simcal-event-details\"><p><span class=\"simcal-event-start simcal-event-start-date\" data-event-start=\"1789115400\" data-event-format=\"j F Y\" itemprop=\"startDate\" content=\"2026-09-11T08:30:00+00:00\">11 September 2026<\/span>&nbsp;&nbsp;<span class=\"simcal-event-start simcal-event-start-time\" data-event-start=\"1789115400\" data-event-format=\"G:i\" itemprop=\"startDate\" content=\"2026-09-11T08:30:00+00:00\">8:30<\/span> - <span class=\"simcal-event-start simcal-event-end-date\" data-event-start=\"1789225200\" data-event-format=\"j F Y\" itemprop=\"endDate\" content=\"2026-09-12T15:00:00+00:00\">12 September 2026<\/span>&nbsp;&nbsp;<span class=\"simcal-event-end simcal-event-end-time\" data-event-end=\"1789225200\" data-event-format=\"G:i\" itemprop=\"endDate\" content=\"2026-09-12T15:00:00+00:00\">15:00<\/span><br \/>\n <span class=\"simcal-event-address simcal-event-start-location\" itemprop=\"location\" itemscope itemtype=\"http:\/\/schema.org\/Place\"><meta itemprop=\"name\" content=\"Mus\u00e4usstra\u00dfe 12A, 51067 K\u00f6ln, Duitsland\" \/><meta itemprop=\"address\" content=\"Mus\u00e4usstra\u00dfe 12A, 51067 K\u00f6ln, Duitsland\" \/>Mus\u00e4usstra\u00dfe 12A, 51067 K\u00f6ln, Duitsland<\/span><\/p>\n<div><div class=\"simcal-event-description\" itemprop=\"description\"><p>Weitere Informationen und Anmeldung finden Sie unter:https:\/\/promedica.koeln\/Rebozo-Massagetechnik-Schwangerschaft-Geburt-Rueckbildung-therapiebegleitend-Fortbildung-Doula-Hebammen.html <\/p>\n<\/div><\/div>\n<p> <a href=\"https:\/\/www.google.com\/calendar\/event?eid=Y3BpMzJwajQ2b3M2OGI5aDZrcDMyYjlrNzRzajhiOXA2NG9qaWJiNDZwaGppbzlwNjhwM2NjOW03NCBpbmZvcmVib3pvQG0&#038;ctz=UTC\" target=\"_blank\" >Bekijk meer details<\/a><\/p><\/div>\n\t<\/li>\n<\/ul>\n\n<\/dd>\n\t<dt class=\"simcal-day-label\" style=\"border-bottom: 1px solid #c62067;\" ><span style=\"background-color: #c62067; color: #ffffff;\"><span class=\"simcal-date-format\" data-date-format=\"j F Y\">12 Dezember 2026<\/span> <\/span><\/dt>\n<dd class=\"simcal-weekday-6 simcal-today simcal-present simcal-day simcal-day-has-events simcal-day-has-1-events simcal-events-calendar-5422\" data-events-count=\"1\">\n\t<ul class=\"simcal-events\">\n\t<li class=\"simcal-event simcal-event-has-location simcal-events-calendar-5422\" style=\"\" itemscope itemtype=\"http:\/\/schema.org\/Event\" data-start=\"1797067800\">\n\t\t<div class=\"simcal-event-details\"><p><span class=\"simcal-event-start simcal-event-start-date\" data-event-start=\"1797067800\" data-event-format=\"j F Y\" itemprop=\"startDate\" content=\"2026-12-12T09:30:00+00:00\">12 Dezember 2026<\/span>&nbsp;&nbsp;<span class=\"simcal-event-start simcal-event-start-time\" data-event-start=\"1797067800\" data-event-format=\"G:i\" itemprop=\"startDate\" content=\"2026-12-12T09:30:00+00:00\">9:30<\/span> - <span class=\"simcal-event-start simcal-event-end-date\" data-event-start=\"1797177600\" data-event-format=\"j F Y\" itemprop=\"endDate\" content=\"2026-12-13T16:00:00+00:00\">13 Dezember 2026<\/span>&nbsp;&nbsp;<span class=\"simcal-event-end simcal-event-end-time\" data-event-end=\"1797177600\" data-event-format=\"G:i\" itemprop=\"endDate\" content=\"2026-12-13T16:00:00+00:00\">16:00<\/span><br \/>\n <span class=\"simcal-event-address simcal-event-start-location\" itemprop=\"location\" itemscope itemtype=\"http:\/\/schema.org\/Place\"><meta itemprop=\"name\" content=\"Mus\u00e4usstra\u00dfe 12A, 51067 K\u00f6ln, Duitsland\" \/><meta itemprop=\"address\" content=\"Mus\u00e4usstra\u00dfe 12A, 51067 K\u00f6ln, Duitsland\" \/>Mus\u00e4usstra\u00dfe 12A, 51067 K\u00f6ln, Duitsland<\/span><\/p>\n<div><div class=\"simcal-event-description\" itemprop=\"description\"><p>Weitere Informationen und Anmeldung finden Sie unter:https:\/\/promedica.koeln\/Rebozo-Massagetechnik-Schwangerschaft-Geburt-Rueckbildung-therapiebegleitend-Fortbildung-Doula-Hebammen.html <\/p>\n<\/div><\/div>\n<p> <a href=\"https:\/\/www.google.com\/calendar\/event?eid=YzRxMzRkaGpja3IzNmJiMzZjbzM0YjlrY2NyMzhiOW9jZ3FtNGI5bWNjcGpnb2I2Y2hpamdjaGg2MCBpbmZvcmVib3pvQG0&#038;ctz=UTC\" target=\"_blank\" >Bekijk meer details<\/a><\/p><\/div>\n\t<\/li>\n<\/ul>\n\n<\/dd>\n<\/dl><div class=\"simcal-ajax-loader simcal-spinner-top\" style=\"display: none;\"><i class=\"simcal-icon-spinner simcal-icon-spin\"><\/i><\/div><\/div><\/div>[\/et_pb_code][\/et_pb_column][\/et_pb_row][et_pb_row _builder_version=&#8220;4.27.4&#8243; _module_preset=&#8220;default&#8220; column_structure=&#8220;1_3,1_3,1_3&#8243;][et_pb_column _builder_version=&#8220;4.27.4&#8243; _module_preset=&#8220;default&#8220; type=&#8220;1_3&#8243;][et_pb_image src=&#8220;http:\/\/rebozo.nl\/wp-content\/uploads\/rebozo-workshop-3-1.jpg&#8220; _builder_version=&#8220;4.27.4&#8243; _module_preset=&#8220;default&#8220; title_text=&#8220;rebozo-workshop-3&#8243; hover_enabled=&#8220;0&#8243; sticky_enabled=&#8220;0&#8243;][\/et_pb_image][\/et_pb_column][et_pb_column _builder_version=&#8220;4.27.4&#8243; _module_preset=&#8220;default&#8220; type=&#8220;1_3&#8243;][et_pb_image src=&#8220;http:\/\/rebozo.nl\/wp-content\/uploads\/rebozo-workshop-2.jpg&#8220; _builder_version=&#8220;4.27.4&#8243; _module_preset=&#8220;default&#8220; title_text=&#8220;rebozo-workshop-2&#8243; hover_enabled=&#8220;0&#8243; sticky_enabled=&#8220;0&#8243;][\/et_pb_image][\/et_pb_column][et_pb_column _builder_version=&#8220;4.27.4&#8243; _module_preset=&#8220;default&#8220; type=&#8220;1_3&#8243;][et_pb_image src=&#8220;http:\/\/rebozo.nl\/wp-content\/uploads\/rebozo-workshop-1.jpg&#8220; _builder_version=&#8220;4.27.4&#8243; _module_preset=&#8220;default&#8220; title_text=&#8220;rebozo-workshop-1&#8243; hover_enabled=&#8220;0&#8243; sticky_enabled=&#8220;0&#8243;][\/et_pb_image][\/et_pb_column][\/et_pb_row][\/et_pb_section]<\/p>\n","protected":false},"excerpt":{"rendered":"<p>Rebozo-Massage-WorkshopDer Rebozo-Workshop konzentriert sich auf verschiedene Massagem\u00f6glichkeiten mit der Schlinge, um Entspannung und unterst\u00fctzende Bewegung zu bringen. Die verwendeten Rebozo-Massagen scheinen allen (Jung und Alt) Entspannung zu bringen und k\u00f6nnen daher in vielen Situationen angewendet werden. Die Workshops bieten die M\u00f6glichkeit, die Massage zu lernen, viel zu \u00fcben und die Rebozo-Massage selbst zu erleben. Ein [&hellip;]<\/p>\n","protected":false},"author":131,"featured_media":0,"parent":0,"menu_order":0,"comment_status":"closed","ping_status":"closed","template":"","meta":{"_et_pb_use_builder":"on","_et_pb_old_content":"","_et_gb_content_width":"","_monsterinsights_skip_tracking":false,"_monsterinsights_sitenote_active":false,"_monsterinsights_sitenote_note":"","_monsterinsights_sitenote_category":0,"footnotes":""},"class_list":["post-7454","page","type-page","status-publish","hentry"],"_links":{"self":[{"href":"https:\/\/rebozo.nl\/de\/wp-json\/wp\/v2\/pages\/7454","targetHints":{"allow":["GET"]}}],"collection":[{"href":"https:\/\/rebozo.nl\/de\/wp-json\/wp\/v2\/pages"}],"about":[{"href":"https:\/\/rebozo.nl\/de\/wp-json\/wp\/v2\/types\/page"}],"author":[{"embeddable":true,"href":"https:\/\/rebozo.nl\/de\/wp-json\/wp\/v2\/users\/131"}],"replies":[{"embeddable":true,"href":"https:\/\/rebozo.nl\/de\/wp-json\/wp\/v2\/comments?post=7454"}],"version-history":[{"count":1,"href":"https:\/\/rebozo.nl\/de\/wp-json\/wp\/v2\/pages\/7454\/revisions"}],"predecessor-version":[{"id":10524,"href":"https:\/\/rebozo.nl\/de\/wp-json\/wp\/v2\/pages\/7454\/revisions\/10524"}],"wp:attachment":[{"href":"https:\/\/rebozo.nl\/de\/wp-json\/wp\/v2\/media?parent=7454"}],"curies":[{"name":"wp","href":"https:\/\/api.w.org\/{rel}","templated":true}]}}