{"id":7444,"date":"2019-08-06T09:10:02","date_gmt":"2019-08-06T09:10:02","guid":{"rendered":"http:\/\/rebozo.nl\/homepage\/"},"modified":"2026-04-14T08:25:32","modified_gmt":"2026-04-14T08:25:32","slug":"homepage","status":"publish","type":"page","link":"https:\/\/rebozo.nl\/de\/","title":{"rendered":"Homepage"},"content":{"rendered":"<p>[et_pb_section fb_built=&#8220;1&#8243; fullwidth=&#8220;on&#8220; _builder_version=&#8220;4.27.4&#8243; _module_preset=&#8220;default&#8220; background_image=&#8220;http:\/\/rebozo.nl\/wp-content\/uploads\/rebozo-massagetechniek.jpg&#8220; da_disable_devices=&#8220;off|off|off&#8220; global_colors_info=&#8220;{}&#8220; da_is_popup=&#8220;off&#8220; da_exit_intent=&#8220;off&#8220; da_has_close=&#8220;on&#8220; da_alt_close=&#8220;off&#8220; da_dark_close=&#8220;off&#8220; da_not_modal=&#8220;on&#8220; da_is_singular=&#8220;off&#8220; da_with_loader=&#8220;off&#8220; da_has_shadow=&#8220;on&#8220;][et_pb_fullwidth_header title=&#8220;Rebozo&#8220; subhead=&#8220;Traditionelle mexikanische Massagetechnik&#8220; header_scroll_down=&#8220;on&#8220; content_max_width=&#8220;80%&#8220; content_max_width_tablet=&#8220;100%&#8220; content_max_width_phone=&#8220;100%&#8220; content_max_width_last_edited=&#8220;on|phone&#8220; _builder_version=&#8220;4.27.4&#8243; _module_preset=&#8220;default&#8220; title_font=&#8220;&#8211;et_global_heading_font||||||||&#8220; title_font_size=&#8220;80px&#8220; title_line_height=&#8220;1.2em&#8220; subhead_font=&#8220;&#8211;et_global_heading_font||||||||&#8220; subhead_font_size=&#8220;35px&#8220; subhead_line_height=&#8220;1.5em&#8220; background_color=&#8220;rgba(51,51,51,0.6)&#8220; background_enable_image=&#8220;off&#8220; background_blend=&#8220;soft-light&#8220; custom_padding=&#8220;20vw||10vw||false|false&#8220; title_font_size_tablet=&#8220;80px&#8220; title_font_size_phone=&#8220;45px&#8220; title_font_size_last_edited=&#8220;on|tablet&#8220; subhead_font_size_tablet=&#8220;30px&#8220; subhead_font_size_phone=&#8220;24px&#8220; subhead_font_size_last_edited=&#8220;on|phone&#8220; global_colors_info=&#8220;{}&#8220;]<\/p>\n<p>Erfahren Sie, wie dieses einzigartige Tuch zur Entspannung, Unterst\u00fctzung und Verbindung eingesetzt wird &#8211; von der Schwangerschaft bis zur Genesung.<\/p>\n<p>[\/et_pb_fullwidth_header][\/et_pb_section][et_pb_section fb_built=&#8220;1&#8243; admin_label=&#8220;Popup &#8211; #rebozo-workshop&#8220; module_id=&#8220;rebozo-workshop&#8220; module_class=&#8220;popup&#8220; _builder_version=&#8220;4.27.6&#8243; _module_preset=&#8220;default&#8220; background_color=&#8220;#FFFFFF&#8220; width=&#8220;60%&#8220; width_tablet=&#8220;80%&#8220; width_phone=&#8220;80%&#8220; width_last_edited=&#8220;on|phone&#8220; hover_enabled=&#8220;0&#8243; da_is_popup=&#8220;on&#8220; da_popup_slug=&#8220;rebozo-workshop&#8220; da_disable_devices=&#8220;off|off|off&#8220; global_colors_info=&#8220;{}&#8220; disabled_on=&#8220;on|on|on&#8220; disabled=&#8220;on&#8220; sticky_enabled=&#8220;0&#8243; da_exit_intent=&#8220;off&#8220; da_has_close=&#8220;on&#8220; da_alt_close=&#8220;off&#8220; da_dark_close=&#8220;off&#8220; da_not_modal=&#8220;on&#8220; da_is_singular=&#8220;off&#8220; da_with_loader=&#8220;off&#8220; da_has_shadow=&#8220;on&#8220;][et_pb_row _builder_version=&#8220;4.27.4&#8243; _module_preset=&#8220;default&#8220; custom_padding=&#8220;||0px|||&#8220; global_colors_info=&#8220;{}&#8220;][et_pb_column type=&#8220;4_4&#8243; _builder_version=&#8220;4.27.4&#8243; _module_preset=&#8220;default&#8220; global_colors_info=&#8220;{}&#8220;][et_pb_text _builder_version=&#8220;4.27.4&#8243; _module_preset=&#8220;default&#8220; header_3_font_size=&#8220;30px&#8220; custom_margin=&#8220;||6px|||&#8220; global_colors_info=&#8220;{}&#8220;]<\/p>\n<h3 class=\"font-recoleta text-3xl lg:text-4xl xl:text-5xl mb-2 text-tertiary-dark\">Rebozo-Workshop f\u00fcr Profis<\/h3>\n<p>[\/et_pb_text][\/et_pb_column][\/et_pb_row][et_pb_row column_structure=&#8220;2_5,3_5&#8243; _builder_version=&#8220;4.27.4&#8243; _module_preset=&#8220;default&#8220; custom_padding=&#8220;0px|||||&#8220; global_colors_info=&#8220;{}&#8220;][et_pb_column type=&#8220;2_5&#8243; _builder_version=&#8220;4.27.4&#8243; _module_preset=&#8220;default&#8220; global_colors_info=&#8220;{}&#8220;][et_pb_image src=&#8220;http:\/\/rebozo.nl\/wp-content\/uploads\/Rebozo-Workshop-voor-Professionals-Hipsy.jpg&#8220; title_text=&#8220;Rebozo-Workshop f\u00fcr Profis-Hipsy&#8220; _builder_version=&#8220;4.27.4&#8243; _module_preset=&#8220;default&#8220; global_colors_info=&#8220;{}&#8220;][\/et_pb_image][\/et_pb_column][et_pb_column type=&#8220;3_5&#8243; _builder_version=&#8220;4.27.4&#8243; _module_preset=&#8220;default&#8220; global_colors_info=&#8220;{}&#8220;][et_pb_text _builder_version=&#8220;4.27.4&#8243; _module_preset=&#8220;default&#8220; custom_margin=&#8220;||12px|||&#8220; global_colors_info=&#8220;{}&#8220;]<\/p>\n<p data-start=\"417\" data-end=\"498\"><strong>Samstag, 11. April 2026, 10:00\u201316:00 Uhr \u00b7 Bilthoven<\/strong><\/p>\n<p data-start=\"500\" data-end=\"681\">Erfahren Sie, wie Sie mit Rebozo-T\u00fcchern arbeiten und Abschlussrituale anleiten. F\u00fcr Doulas, Therapeuten und andere Fachkr\u00e4fte, die Frauen in \u00dcbergangsphasen unterst\u00fctzen. <\/p>\n<p>[\/et_pb_text][et_pb_button button_url=&#8220;https:\/\/hipsy.nl\/event\/156177-rebozo-workshop-voor-professionals&#8220; url_new_window=&#8220;on&#8220; button_text=&#8220;Buchen Sie den Workshop!&#8220; _builder_version=&#8220;4.27.4&#8243; _module_preset=&#8220;default&#8220; custom_button=&#8220;on&#8220; button_text_size=&#8220;18px&#8220; button_text_color=&#8220;#FFFFFF&#8220; button_bg_color=&#8220;#C62067&#8243; button_border_width=&#8220;0px&#8220; custom_margin=&#8220;20px|||||&#8220; global_colors_info=&#8220;{}&#8220;][\/et_pb_button][\/et_pb_column][\/et_pb_row][\/et_pb_section][et_pb_section fb_built=&#8220;1&#8243; admin_label=&#8220;section&#8220; _builder_version=&#8220;4.27.4&#8243; background_color=&#8220;#f5f5f5&#8243; da_disable_devices=&#8220;off|off|off&#8220; global_colors_info=&#8220;{}&#8220; da_is_popup=&#8220;off&#8220; da_exit_intent=&#8220;off&#8220; da_has_close=&#8220;on&#8220; da_alt_close=&#8220;off&#8220; da_dark_close=&#8220;off&#8220; da_not_modal=&#8220;on&#8220; da_is_singular=&#8220;off&#8220; da_with_loader=&#8220;off&#8220; da_has_shadow=&#8220;on&#8220;][et_pb_row _builder_version=&#8220;4.27.4&#8243; _module_preset=&#8220;default&#8220; global_colors_info=&#8220;{}&#8220;][et_pb_column type=&#8220;4_4&#8243; _builder_version=&#8220;4.27.4&#8243; _module_preset=&#8220;default&#8220; global_colors_info=&#8220;{}&#8220;][et_pb_text admin_label=&#8220;Text&#8220; _builder_version=&#8220;4.27.4&#8243; header_2_font_size=&#8220;40px&#8220; background_size=&#8220;initial&#8220; background_position=&#8220;top_left&#8220; background_repeat=&#8220;repeat&#8220; header_2_font_size_tablet=&#8220;40px&#8220; header_2_font_size_phone=&#8220;40px&#8220; header_2_font_size_last_edited=&#8220;on|phone&#8220; global_colors_info=&#8220;{}&#8220;]<\/p>\n<h2>Was ist ein Rebozo?<\/h2>\n<p><strong>Ein Rebozo ist eine Schlinge\/ein Schal, die\/der auch zur Massage verwendet werden kann. Das Rebozo ist in sehr unterschiedlichen Farben und Mustern aus Baumwolle, Wolle oder Kunstfasern gewebt. Sie sind in verschiedenen L\u00e4ngen und St\u00e4rken erh\u00e4ltlich. Wenn das Rebozo f\u00fcr eine Massage verwendet wird, wird die ideale L\u00e4nge haupts\u00e4chlich von der L\u00e4nge des Masseurs und der Technik bestimmt, die angewendet werden soll. F\u00fcr die Europ\u00e4er sind oft etwas l\u00e4ngere Rebozos praktisch. F\u00fcr eine optimale Situation ist es sch\u00f6n, wenn das Tuch wie eine Schlinge gewebt ist, in der L\u00e4nge fest und diagonal mit nur wenig Dehnung. Die Rebozos in unserem Webshop stammen aus Guatemala, wo sie in einem Familienbetrieb handwerklich auf einem Stufenwebstuhl gewebt werden. Sie bestehen aus gl\u00e4nzender Baumwolle.<\/strong><\/p>\n<p>[\/et_pb_text][\/et_pb_column][\/et_pb_row][et_pb_row column_structure=&#8220;3_5,2_5&#8243; _builder_version=&#8220;4.27.4&#8243; _module_preset=&#8220;default&#8220; custom_padding=&#8220;||71px|||&#8220; global_colors_info=&#8220;{}&#8220;][et_pb_column type=&#8220;3_5&#8243; _builder_version=&#8220;4.27.4&#8243; _module_preset=&#8220;default&#8220; global_colors_info=&#8220;{}&#8220;][et_pb_text admin_label=&#8220;Text&#8220; _builder_version=&#8220;4.27.4&#8243; header_2_font_size=&#8220;40px&#8220; background_size=&#8220;initial&#8220; background_position=&#8220;top_left&#8220; background_repeat=&#8220;repeat&#8220; custom_margin=&#8220;||50px|||&#8220; header_2_font_size_tablet=&#8220;40px&#8220; header_2_font_size_phone=&#8220;40px&#8220; header_2_font_size_last_edited=&#8220;on|phone&#8220; global_colors_info=&#8220;{}&#8220;]<\/p>\n<h3>Woher kommt Rebozo?<\/h3>\n<p>Das Rebozo wird von Frauen in Mittelamerika seit jeher in vielen verschiedenen Situationen eingesetzt. Traditionelle Hebammen machen besonderen Gebrauch davon, weil sie es zur Massage, Bewegung und Unterst\u00fctzung w\u00e4hrend der Schwangerschaft, der Geburt und w\u00e4hrend das Wochenbett verwenden. Das Wissen \u00fcber die Verwendung des Rebozos breitet sich immer mehr au\u00dferhalb Mittelamerikas aus. Das bringt regelm\u00e4sig die erinnerung, dass die traditionelle Verwendung von T\u00fcchern auch in anderen Kulturen vorkommt. Manchmal sind \u00fcberraschend viele Gemeinsamkeiten zu sehen. Die Quelle des Wissens, das wir auf dieser Website teilen, ist jedoch in Mexiko.<\/p>\n<p>[\/et_pb_text][et_pb_text admin_label=&#8220;Text&#8220; _builder_version=&#8220;4.27.4&#8243; header_2_font_size=&#8220;40px&#8220; background_size=&#8220;initial&#8220; background_position=&#8220;top_left&#8220; background_repeat=&#8220;repeat&#8220; header_2_font_size_tablet=&#8220;40px&#8220; header_2_font_size_phone=&#8220;40px&#8220; header_2_font_size_last_edited=&#8220;on|phone&#8220; global_colors_info=&#8220;{}&#8220;]<\/p>\n<h3>Wie funktioniert die Massage mit einem Tuch?<\/h3>\n<p>Eine Rebozo-Massage wird mit einem oder mehreren T\u00fcchern durchgef\u00fchrt. Das Rebozo wird um ein K\u00f6rperteil gelegt und so gespannt, dass es Halt und Schutz bietet. Dann k\u00f6nnen mit dem Rebozo kleine oder gr\u00f6\u00dfere Bewegungen ausgef\u00fchrt werden, so dass die Person geschaukelt und in dem Rebozo bewegt wird. Dies bietet eine sehr entspannende Massage und wird von vielen als sehr angenehm und beruhigend empfunden.<\/p>\n<p>[\/et_pb_text][et_pb_button button_url=&#8220;https:\/\/rebozo.nl\/workshop\/&#8220; button_text=&#8220;Sehen Sie unseren Workshop&#8220; _builder_version=&#8220;4.27.4&#8243; _module_preset=&#8220;default&#8220; custom_button=&#8220;on&#8220; button_text_size=&#8220;18px&#8220; button_text_color=&#8220;#FFFFFF&#8220; button_bg_color=&#8220;#C62067&#8243; button_border_width=&#8220;0px&#8220; custom_margin=&#8220;40px|||||&#8220; global_colors_info=&#8220;{}&#8220;][\/et_pb_button][\/et_pb_column][et_pb_column type=&#8220;2_5&#8243; _builder_version=&#8220;4.27.4&#8243; _module_preset=&#8220;default&#8220; global_colors_info=&#8220;{}&#8220;][et_pb_image src=&#8220;http:\/\/rebozo.nl\/wp-content\/uploads\/rebozo-workshop.jpg&#8220; title_text=&#8220;Rebozo-Workshop&#8220; _builder_version=&#8220;4.27.4&#8243; _module_preset=&#8220;default&#8220; global_colors_info=&#8220;{}&#8220;][\/et_pb_image][\/et_pb_column][\/et_pb_row][et_pb_row column_structure=&#8220;3_5,2_5&#8243; admin_label=&#8220;Zeile&#8220; _builder_version=&#8220;4.16&#8243; background_size=&#8220;initial&#8220; background_position=&#8220;top_left&#8220; background_repeat=&#8220;repeat&#8220; global_colors_info=&#8220;{}&#8220;][et_pb_column type=&#8220;3_5&#8243; _builder_version=&#8220;4.16&#8243; custom_padding=&#8220;|||&#8220; global_colors_info=&#8220;{}&#8220; custom_padding__hover=&#8220;|||&#8220;][et_pb_video src=&#8220;https:\/\/www.youtube.com\/watch?v=SSi_IWcfL1Y&#8220; _builder_version=&#8220;4.27.4&#8243; _module_preset=&#8220;default&#8220; global_colors_info=&#8220;{}&#8220;][\/et_pb_video][\/et_pb_column][et_pb_column type=&#8220;2_5&#8243; _builder_version=&#8220;4.16&#8243; custom_padding=&#8220;|||&#8220; global_colors_info=&#8220;{}&#8220; custom_padding__hover=&#8220;|||&#8220;][et_pb_text admin_label=&#8220;Text&#8220; _builder_version=&#8220;4.27.4&#8243; header_3_font_size=&#8220;25px&#8220; background_size=&#8220;initial&#8220; background_position=&#8220;top_left&#8220; background_repeat=&#8220;repeat&#8220; global_colors_info=&#8220;{}&#8220;]<\/p>\n<h3>Von der Quelle lernen?<\/h3>\n<p>M\u00f6chten Sie mehr \u00fcber traditionelle Techniken wie die Arbeit mit dem Rebozo erfahren?<\/p>\n<p>Weitere Informationen und die M\u00f6glichkeit, an Online-Workshops teilzunehmen, finden Sie auf der <a href=\"https:\/\/www.naoli-vinaver.com\" target=\"_blank\" rel=\"noopener\" title=\"Naoli Vinavers Website\">Website von Naoli Vinaver<\/a>.<\/p>\n<p>[\/et_pb_text][et_pb_button button_url=&#8220;https:\/\/www.naoli-vinaver.com\/&#8220; url_new_window=&#8220;on&#8220; button_text=&#8220;Website Naoli Vinaver&#8220; _builder_version=&#8220;4.27.4&#8243; _module_preset=&#8220;default&#8220; custom_button=&#8220;on&#8220; button_text_size=&#8220;18px&#8220; button_text_color=&#8220;#FFFFFF&#8220; button_bg_color=&#8220;#C62067&#8243; button_border_width=&#8220;0px&#8220; custom_margin=&#8220;40px|||||&#8220; global_colors_info=&#8220;{}&#8220;][\/et_pb_button][\/et_pb_column][\/et_pb_row][\/et_pb_section][et_pb_section fb_built=&#8220;1&#8243; _builder_version=&#8220;4.27.4&#8243; _module_preset=&#8220;default&#8220; da_disable_devices=&#8220;off|off|off&#8220; global_colors_info=&#8220;{}&#8220; da_is_popup=&#8220;off&#8220; da_exit_intent=&#8220;off&#8220; da_has_close=&#8220;on&#8220; da_alt_close=&#8220;off&#8220; da_dark_close=&#8220;off&#8220; da_not_modal=&#8220;on&#8220; da_is_singular=&#8220;off&#8220; da_with_loader=&#8220;off&#8220; da_has_shadow=&#8220;on&#8220;][et_pb_row _builder_version=&#8220;4.27.4&#8243; _module_preset=&#8220;default&#8220; global_colors_info=&#8220;{}&#8220;][et_pb_column type=&#8220;4_4&#8243; _builder_version=&#8220;4.27.4&#8243; _module_preset=&#8220;default&#8220; global_colors_info=&#8220;{}&#8220;][et_pb_text admin_label=&#8220;Text&#8220; _builder_version=&#8220;4.27.4&#8243; header_3_text_align=&#8220;center&#8220; header_3_font_size=&#8220;30px&#8220; background_size=&#8220;initial&#8220; background_position=&#8220;top_left&#8220; background_repeat=&#8220;repeat&#8220; global_colors_info=&#8220;{}&#8220;]<\/p>\n<h3>Vorgestellte Produkte<\/h3>\n<p>[\/et_pb_text][et_pb_shop type=&#8220;featured&#8220; posts_number=&#8220;3&#8243; columns_number=&#8220;3&#8243; _builder_version=&#8220;4.27.4&#8243; _module_preset=&#8220;default&#8220; title_font=&#8220;|600|||||||&#8220; title_font_size=&#8220;18px&#8220; price_text_color=&#8220;#333333&#8243; global_colors_info=&#8220;{}&#8220;][\/et_pb_shop][\/et_pb_column][\/et_pb_row][\/et_pb_section]<\/p>\n","protected":false},"excerpt":{"rendered":"<p>Erfahren Sie, wie dieses einzigartige Tuch zur Entspannung, Unterst\u00fctzung und Verbindung eingesetzt wird &#8211; von der Schwangerschaft bis zur Genesung.Rebozo-Workshop f\u00fcr ProfisSamstag, 11. April 2026, 10:00\u201316:00 Uhr \u00b7 Bilthoven Erfahren Sie, wie Sie mit Rebozo-T\u00fcchern arbeiten und Abschlussrituale anleiten. F\u00fcr Doulas, Therapeuten und andere Fachkr\u00e4fte, die Frauen in \u00dcbergangsphasen unterst\u00fctzen. Was ist ein Rebozo? Ein [&hellip;]<\/p>\n","protected":false},"author":131,"featured_media":0,"parent":0,"menu_order":0,"comment_status":"closed","ping_status":"closed","template":"","meta":{"_et_pb_use_builder":"on","_et_pb_old_content":"","_et_gb_content_width":"","_monsterinsights_skip_tracking":false,"_monsterinsights_sitenote_active":false,"_monsterinsights_sitenote_note":"","_monsterinsights_sitenote_category":0,"footnotes":""},"class_list":["post-7444","page","type-page","status-publish","hentry"],"_links":{"self":[{"href":"https:\/\/rebozo.nl\/de\/wp-json\/wp\/v2\/pages\/7444","targetHints":{"allow":["GET"]}}],"collection":[{"href":"https:\/\/rebozo.nl\/de\/wp-json\/wp\/v2\/pages"}],"about":[{"href":"https:\/\/rebozo.nl\/de\/wp-json\/wp\/v2\/types\/page"}],"author":[{"embeddable":true,"href":"https:\/\/rebozo.nl\/de\/wp-json\/wp\/v2\/users\/131"}],"replies":[{"embeddable":true,"href":"https:\/\/rebozo.nl\/de\/wp-json\/wp\/v2\/comments?post=7444"}],"version-history":[{"count":5,"href":"https:\/\/rebozo.nl\/de\/wp-json\/wp\/v2\/pages\/7444\/revisions"}],"predecessor-version":[{"id":10738,"href":"https:\/\/rebozo.nl\/de\/wp-json\/wp\/v2\/pages\/7444\/revisions\/10738"}],"wp:attachment":[{"href":"https:\/\/rebozo.nl\/de\/wp-json\/wp\/v2\/media?parent=7444"}],"curies":[{"name":"wp","href":"https:\/\/api.w.org\/{rel}","templated":true}]}}