{"id":10293,"date":"2025-10-08T07:08:07","date_gmt":"2025-10-08T07:08:07","guid":{"rendered":"https:\/\/rebozo.nl\/fuer-wen\/"},"modified":"2025-10-08T13:22:50","modified_gmt":"2025-10-08T13:22:50","slug":"fuer-wen","status":"publish","type":"page","link":"https:\/\/rebozo.nl\/de\/fuer-wen\/","title":{"rendered":"F\u00fcr wen"},"content":{"rendered":"<p>[et_pb_section fb_built=&#8220;1&#8243; custom_padding_last_edited=&#8220;on|tablet&#8220; _builder_version=&#8220;4.27.4&#8243; _module_preset=&#8220;default&#8220; background_color=&#8220;#f5f5f5&#8243; custom_padding=&#8220;||230px|||&#8220; custom_padding_tablet=&#8220;||50px||false|false&#8220; custom_padding_phone=&#8220;||50px||false|false&#8220; global_colors_info=&#8220;{}&#8220;][et_pb_row _builder_version=&#8220;4.27.4&#8243; _module_preset=&#8220;default&#8220; global_colors_info=&#8220;{}&#8220;][et_pb_column type=&#8220;4_4&#8243; _builder_version=&#8220;4.27.4&#8243; _module_preset=&#8220;default&#8220; global_colors_info=&#8220;{}&#8220;][et_pb_text _builder_version=&#8220;4.27.4&#8243; _module_preset=&#8220;default&#8220; header_font_size=&#8220;50px&#8220; header_font_size_tablet=&#8220;40px&#8220; header_font_size_phone=&#8220;40px&#8220; header_font_size_last_edited=&#8220;on|tablet&#8220; global_colors_info=&#8220;{}&#8220;]<\/p>\n<h1>F\u00fcr wen ist die Rebozo-Massage gedacht?<\/h1>\n<p>[\/et_pb_text][\/et_pb_column][\/et_pb_row][et_pb_row column_structure=&#8220;2_3,1_3&#8243; admin_label=&#8220;Zeile&#8220; _builder_version=&#8220;4.16&#8243; background_size=&#8220;initial&#8220; background_position=&#8220;top_left&#8220; background_repeat=&#8220;repeat&#8220; global_colors_info=&#8220;{}&#8220;][et_pb_column type=&#8220;2_3&#8243; _builder_version=&#8220;4.16&#8243; custom_padding=&#8220;|||&#8220; global_colors_info=&#8220;{}&#8220; custom_padding__hover=&#8220;|||&#8220;][et_pb_text admin_label=&#8220;Text&#8220; _builder_version=&#8220;4.27.4&#8243; background_size=&#8220;initial&#8220; background_position=&#8220;top_left&#8220; background_repeat=&#8220;repeat&#8220; global_colors_info=&#8220;{}&#8220;]<\/p>\n<h3>Rebozo-Massage f\u00fcr Schwangere<\/h3>\n<p>Wer mit Schwangeren arbeitet, kann das Rebozo zur Entspannung, aber auch bei Beschwerden wie Kreuzschmerzen, Stress, Magenbeschwerden und M\u00fcdigkeit einsetzen. W\u00e4hrend der Entbindung kann das Rebozo seinen Wert unter Beweis stellen, indem es die Frau hilft, sich zu bewegen und zu entspannen, um beispielsweise den Schmerz zu lindern. F\u00fcr Hebammen ist es sogar m\u00f6glich, eine Ver\u00e4nderung der Position des Babys zu unterst\u00fctzen.<br \/>Nach der Geburt kann das Rebozo f\u00fcr das Abschlussritual oder die Abschlussmassage verwendet werden. Die Mutter ist dann von Kopf bis Fu\u00df, K\u00f6rperteil f\u00fcr K\u00f6rperteil im Rebozo fest verpackt, wodurch sie sich ihres eigenen K\u00f6rpers, ihrer w\u00f6rtlichen und bildlichen Grenzen bewusst wird.<\/p>\n<h3>Rebozo-Massage f\u00fcr alle<\/h3>\n<p>Diese langj\u00e4hrige Methode, Frauen zu helfen, sich in dieser besonderen Zeit in ihrem Leben zu entspannen, bietet jedoch viel mehr M\u00f6glichkeiten. Die Praxis hat gezeigt, dass das Rebozo auch bei anderen Zielgruppen wie Kindern, Sportlern und \u00e4lteren Menschen sehr effektiv eingesetzt werden kann. Denken Sie zum Beispiel an Beschwerden wie R\u00fccken-, Kopf-, Nackenschmerzen, Beinkr\u00e4mpfe, Schulternschmerzen usw. Da sich der Bezug des Stoffes wie eine liebevolle Umarmung anf\u00fchlt, der Masseur aber immer in einem geeigneten Abstand bleibt, ist diese Massage auch extrem Geeignet f\u00fcr Menschen, die nicht direkt ber\u00fchrt werden m\u00f6chten.<\/p>\n<p>[\/et_pb_text][\/et_pb_column][et_pb_column type=&#8220;1_3&#8243; _builder_version=&#8220;4.16&#8243; custom_padding=&#8220;|||&#8220; global_colors_info=&#8220;{}&#8220; custom_padding__hover=&#8220;|||&#8220;][et_pb_image src=&#8220;https:\/\/rebozo.nl\/wp-content\/uploads\/voor-wie_1.jpg&#8220; title_text=&#8220;f\u00fcr-wen_1&#8243; _builder_version=&#8220;4.27.4&#8243; _module_preset=&#8220;default&#8220; animation_style=&#8220;slide&#8220; animation_direction=&#8220;right&#8220; animation_intensity_slide=&#8220;20%&#8220; global_colors_info=&#8220;{}&#8220;][\/et_pb_image][et_pb_image src=&#8220;https:\/\/rebozo.nl\/wp-content\/uploads\/voor-wie_2.jpg&#8220; title_text=&#8220;f\u00fcr-wen_2&#8243; _builder_version=&#8220;4.27.4&#8243; _module_preset=&#8220;default&#8220; animation_style=&#8220;slide&#8220; animation_direction=&#8220;right&#8220; animation_intensity_slide=&#8220;20%&#8220; global_colors_info=&#8220;{}&#8220;][\/et_pb_image][\/et_pb_column][\/et_pb_row][et_pb_row column_structure=&#8220;3_5,2_5&#8243; custom_padding_last_edited=&#8220;on|phone&#8220; _builder_version=&#8220;4.27.4&#8243; _module_preset=&#8220;default&#8220; background_color=&#8220;#6E2D76&#8243; custom_margin=&#8220;96px|auto||auto|false|false&#8220; custom_padding=&#8220;|||50px|false|false&#8220; custom_padding_tablet=&#8220;|||0px|false|false&#8220; custom_padding_phone=&#8220;|||0px|false|false&#8220; global_colors_info=&#8220;{}&#8220;][et_pb_column type=&#8220;3_5&#8243; _builder_version=&#8220;4.27.4&#8243; _module_preset=&#8220;default&#8220; global_colors_info=&#8220;{}&#8220;][et_pb_text _builder_version=&#8220;4.27.4&#8243; _module_preset=&#8220;default&#8220; text_font=&#8220;&#8211;et_global_heading_font||||||||&#8220; text_text_color=&#8220;#FFFFFF&#8220; text_font_size=&#8220;30px&#8220; text_font_size_tablet=&#8220;30px&#8220; text_font_size_phone=&#8220;26px&#8220; text_font_size_last_edited=&#8220;on|tablet&#8220; text_orientation_tablet=&#8220;center&#8220; text_orientation_phone=&#8220;center&#8220; text_orientation_last_edited=&#8220;on|phone&#8220; global_colors_info=&#8220;{}&#8220;]<\/p>\n<p>Neugierig auf die Rebozo-Massage?<\/p>\n<p>[\/et_pb_text][\/et_pb_column][et_pb_column type=&#8220;2_5&#8243; _builder_version=&#8220;4.27.4&#8243; _module_preset=&#8220;default&#8220; global_colors_info=&#8220;{}&#8220;][et_pb_button button_url=&#8220;https:\/\/rebozo.nl\/de\/rebozo-massage-workshop\/&#8220; button_text=&#8220;Besuchen Sie unsere Workshops&#8220; button_alignment=&#8220;center&#8220; _builder_version=&#8220;4.27.4&#8243; _module_preset=&#8220;default&#8220; custom_button=&#8220;on&#8220; button_bg_color=&#8220;#FFFFFF&#8220; button_bg_color_tablet=&#8220;#FFFFFF&#8220; button_bg_color_phone=&#8220;#FFFFFF&#8220; button_bg_color_last_edited=&#8220;on|phone&#8220; global_colors_info=&#8220;{}&#8220;][\/et_pb_button][\/et_pb_column][\/et_pb_row][\/et_pb_section]<\/p>\n","protected":false},"excerpt":{"rendered":"<p>F\u00fcr wen ist die Rebozo-Massage gedacht?Rebozo-Massage f\u00fcr Schwangere Wer mit Schwangeren arbeitet, kann das Rebozo zur Entspannung, aber auch bei Beschwerden wie Kreuzschmerzen, Stress, Magenbeschwerden und M\u00fcdigkeit einsetzen. W\u00e4hrend der Entbindung kann das Rebozo seinen Wert unter Beweis stellen, indem es die Frau hilft, sich zu bewegen und zu entspannen, um beispielsweise den Schmerz zu [&hellip;]<\/p>\n","protected":false},"author":131,"featured_media":0,"parent":0,"menu_order":0,"comment_status":"closed","ping_status":"closed","template":"","meta":{"_et_pb_use_builder":"on","_et_pb_old_content":"","_et_gb_content_width":"","_monsterinsights_skip_tracking":false,"_monsterinsights_sitenote_active":false,"_monsterinsights_sitenote_note":"","_monsterinsights_sitenote_category":0,"footnotes":""},"class_list":["post-10293","page","type-page","status-publish","hentry"],"_links":{"self":[{"href":"https:\/\/rebozo.nl\/de\/wp-json\/wp\/v2\/pages\/10293","targetHints":{"allow":["GET"]}}],"collection":[{"href":"https:\/\/rebozo.nl\/de\/wp-json\/wp\/v2\/pages"}],"about":[{"href":"https:\/\/rebozo.nl\/de\/wp-json\/wp\/v2\/types\/page"}],"author":[{"embeddable":true,"href":"https:\/\/rebozo.nl\/de\/wp-json\/wp\/v2\/users\/131"}],"replies":[{"embeddable":true,"href":"https:\/\/rebozo.nl\/de\/wp-json\/wp\/v2\/comments?post=10293"}],"version-history":[{"count":0,"href":"https:\/\/rebozo.nl\/de\/wp-json\/wp\/v2\/pages\/10293\/revisions"}],"wp:attachment":[{"href":"https:\/\/rebozo.nl\/de\/wp-json\/wp\/v2\/media?parent=10293"}],"curies":[{"name":"wp","href":"https:\/\/api.w.org\/{rel}","templated":true}]}}