{"id":10268,"date":"2019-08-06T09:31:20","date_gmt":"2019-08-06T09:31:20","guid":{"rendered":"https:\/\/rebozo.nl\/?page_id=10268"},"modified":"2026-04-14T08:21:03","modified_gmt":"2026-04-14T08:21:03","slug":"ueber-uns","status":"publish","type":"page","link":"https:\/\/rebozo.nl\/de\/ueber-uns\/","title":{"rendered":"\u00dcber uns"},"content":{"rendered":"<p>[et_pb_section fb_built=&#8220;1&#8243; custom_padding_last_edited=&#8220;on|tablet&#8220; _builder_version=&#8220;4.27.4&#8243; _module_preset=&#8220;default&#8220; background_color=&#8220;#f5f5f5&#8243; custom_padding=&#8220;||80px|||&#8220; custom_padding_tablet=&#8220;||50px||false|false&#8220; custom_padding_phone=&#8220;||50px||false|false&#8220; global_colors_info=&#8220;{}&#8220; da_is_popup=&#8220;off&#8220; da_exit_intent=&#8220;off&#8220; da_has_close=&#8220;on&#8220; da_alt_close=&#8220;off&#8220; da_dark_close=&#8220;off&#8220; da_not_modal=&#8220;on&#8220; da_is_singular=&#8220;off&#8220; da_with_loader=&#8220;off&#8220; da_has_shadow=&#8220;on&#8220; da_disable_devices=&#8220;off|off|off&#8220;][et_pb_row _builder_version=&#8220;4.27.4&#8243; _module_preset=&#8220;default&#8220; global_colors_info=&#8220;{}&#8220;][et_pb_column type=&#8220;4_4&#8243; _builder_version=&#8220;4.27.4&#8243; _module_preset=&#8220;default&#8220; global_colors_info=&#8220;{}&#8220;][et_pb_text _builder_version=&#8220;4.27.4&#8243; _module_preset=&#8220;default&#8220; header_font_size=&#8220;50px&#8220; header_font_size_tablet=&#8220;40px&#8220; header_font_size_phone=&#8220;40px&#8220; header_font_size_last_edited=&#8220;on|tablet&#8220; global_colors_info=&#8220;{}&#8220;]<\/p>\n<h1>\u00dcber uns<\/h1>\n<p>[\/et_pb_text][\/et_pb_column][\/et_pb_row][et_pb_row column_structure=&#8220;3_5,2_5&#8243; admin_label=&#8220;row&#8220; _builder_version=&#8220;4.16&#8243; background_size=&#8220;initial&#8220; background_position=&#8220;top_left&#8220; background_repeat=&#8220;repeat&#8220; global_colors_info=&#8220;{}&#8220;][et_pb_column type=&#8220;3_5&#8243; _builder_version=&#8220;4.16&#8243; custom_padding=&#8220;|||&#8220; global_colors_info=&#8220;{}&#8220; custom_padding__hover=&#8220;|||&#8220;][et_pb_text _builder_version=&#8220;4.27.6&#8243; background_size=&#8220;initial&#8220; background_position=&#8220;top_left&#8220; background_repeat=&#8220;repeat&#8220; hover_enabled=&#8220;0&#8243; global_colors_info=&#8220;{}&#8220; sticky_enabled=&#8220;0&#8243;]<\/p>\n<h2>Thea van Tuijl<\/h2>\n<p>Das erste Mal, dass ich mit dem Rebozo in Kontakt kam, war 2001 auf einer Konferenz von Midwifery Today in Paris. Dort traf ich Naoli Vinaver, eine mexikanische Hebamme, die einen Kurs \u00fcber die Anwendung des Rebozos gab. Ich war sofort beeindruckt von dieser entspannenden Massage und den M\u00f6glichkeiten, die das Rebozo bot. Danach folgten Symposien, bei denen ich sowohl von Naoli Vinaver als auch von Angelina Martinez Miranda lernte, ebenfalls eine traditionelle mexikanische Hebamme mit gro\u00dfem Wissen \u00fcber die Anwendung des Rebozos.<\/p>\n<p>So lernte ich, wie ich das Rebozo in meinem Schwangerschaftskurs &#8222;Samen Bevallen&#8220; einsetzen konnte, den ich ab 1986 gab; 2026 habe ich damit aufgeh\u00f6rt. Mein Wissen konnte ich auch einige Jahre lang in der Doula-Ausbildung weitergeben, die 2006 in Utrecht startete. Zusammen mit meiner &#8222;Samen Bevallen&#8220;-Kollegin Mirjam de Keijzer, die damals auch Doula war, entdeckten wir, dass das Rebozo auch in vielen anderen Situationen einsetzbar ist, vor allem, um Entspannung zu schaffen. Wir schrieben gemeinsam mit Naoli das Rebozo-Buch, organisierten Workshops und waren immer mehr fasziniert von all den M\u00f6glichkeiten, die das Rebozo bietet. Unser Wissen \u00fcber die M\u00f6glichkeiten des Rebozo w\u00e4chst st\u00e4ndig weiter.<\/p>\n<p>[\/et_pb_text][\/et_pb_column][et_pb_column type=&#8220;2_5&#8243; _builder_version=&#8220;4.16&#8243; custom_padding=&#8220;|||&#8220; global_colors_info=&#8220;{}&#8220; custom_padding__hover=&#8220;|||&#8220;][et_pb_image src=&#8220;http:\/\/rebozo.nl\/wp-content\/uploads\/thea-rebozo.png&#8220; title_text=&#8220;thea-rebozo&#8220; _builder_version=&#8220;4.27.4&#8243; _module_preset=&#8220;default&#8220; animation_style=&#8220;slide&#8220; animation_direction=&#8220;right&#8220; animation_intensity_slide=&#8220;20%&#8220; global_colors_info=&#8220;{}&#8220;][\/et_pb_image][\/et_pb_column][\/et_pb_row][et_pb_row column_structure=&#8220;2_5,3_5&#8243; admin_label=&#8220;row&#8220; _builder_version=&#8220;4.16&#8243; background_size=&#8220;initial&#8220; background_position=&#8220;top_left&#8220; background_repeat=&#8220;repeat&#8220; global_colors_info=&#8220;{}&#8220;][et_pb_column type=&#8220;2_5&#8243; _builder_version=&#8220;4.16&#8243; custom_padding=&#8220;|||&#8220; global_colors_info=&#8220;{}&#8220; custom_padding__hover=&#8220;|||&#8220;][et_pb_image src=&#8220;http:\/\/rebozo.nl\/wp-content\/uploads\/mirjam-rebozo.jpg&#8220; title_text=&#8220;mirjam-rebozo&#8220; _builder_version=&#8220;4.27.6&#8243; _module_preset=&#8220;default&#8220; animation_style=&#8220;slide&#8220; animation_direction=&#8220;left&#8220; animation_intensity_slide=&#8220;20%&#8220; hover_enabled=&#8220;0&#8243; global_colors_info=&#8220;{}&#8220; sticky_enabled=&#8220;0&#8243;][\/et_pb_image][\/et_pb_column][et_pb_column type=&#8220;3_5&#8243; _builder_version=&#8220;4.16&#8243; custom_padding=&#8220;|||&#8220; global_colors_info=&#8220;{}&#8220; custom_padding__hover=&#8220;|||&#8220;][et_pb_text _builder_version=&#8220;4.27.6&#8243; background_size=&#8220;initial&#8220; background_position=&#8220;top_left&#8220; background_repeat=&#8220;repeat&#8220; hover_enabled=&#8220;0&#8243; global_colors_info=&#8220;{}&#8220; sticky_enabled=&#8220;0&#8243;]<\/p>\n<h2>Mirjam de Keijzer<\/h2>\n<p>Das erste Mal, dass ich mit dem Rebozo in Ber\u00fchrung kam, war w\u00e4hrend meiner Doula-Ausbildung im Jahr 2006. Von diesem Moment an war ich in den Rebozo verliebt! Durch Erfahrungen mit meinen Doula-Klientinnen stellte ich fest, dass ich schnell tiefe Entspannung bewirken konnte. Au\u00dferdem entdeckte ich, wie einfach es ist, das Rebozo anzupassen und so auf die W\u00fcnsche und spezifischen Situationen meiner Klientinnen einzugehen. Das weckte den Traum von Thea und mir, das Rebozo in den Niederlanden und Europa bekannter zu machen.<\/p>\n<p>Seit 2001 arbeite ich als Geburtsvorbereiterin bei &#8222;Samen Bevallen&#8220;, wo ich Paare auf die Geburt ihres Kindes vorbereite. Auch dabei setze ich das Rebozo ein. F\u00fcr Partner ist das Rebozo ein praktisches Hilfsmittel, das sie oft schnell &#8218;im Griff&#8216; haben. Ich bin dankbar f\u00fcr alles, was ich von Thea van Tuijl, Naoli Vinaver und Angelina Martinez Miranda \u00fcber diese jahrhundertealte mexikanische Tradition gelernt habe. Dank der Zusammenarbeit mit Naoli Vinaver konnten Thea und ich unsere Reise mit dem Rebozo beginnen. Es wurde eine Weltreise. Auf diesen Reisen habe ich erfahren, dass das Rebozo in vielen Situationen angeboten werden kann und Unterst\u00fctzung und sogar Heilung bringen kann. So wachsen meine Erkenntnisse und meine Liebe zum Rebozo immer weiter.<\/p>\n<p>[\/et_pb_text][\/et_pb_column][\/et_pb_row][\/et_pb_section]<\/p>\n","protected":false},"excerpt":{"rendered":"<p>\u00dcber unsThea van Tuijl Das erste Mal, dass ich mit dem Rebozo in Kontakt kam, war 2001 auf einer Konferenz von Midwifery Today in Paris. Dort traf ich Naoli Vinaver, eine mexikanische Hebamme, die einen Kurs \u00fcber die Anwendung des Rebozos gab. Ich war sofort beeindruckt von dieser entspannenden Massage und den M\u00f6glichkeiten, die das [&hellip;]<\/p>\n","protected":false},"author":131,"featured_media":0,"parent":0,"menu_order":0,"comment_status":"closed","ping_status":"closed","template":"","meta":{"_et_pb_use_builder":"on","_et_pb_old_content":"<p>[et_pb_section fb_built=\"1\" custom_padding_last_edited=\"on|tablet\" _builder_version=\"4.27.4\" _module_preset=\"default\" background_color=\"#f5f5f5\" custom_padding=\"||80px|||\" custom_padding_tablet=\"||50px||false|false\" custom_padding_phone=\"||50px||false|false\" global_colors_info=\"{}\"][et_pb_row _builder_version=\"4.27.4\" _module_preset=\"default\" global_colors_info=\"{}\"][et_pb_column type=\"4_4\" _builder_version=\"4.27.4\" _module_preset=\"default\" global_colors_info=\"{}\"][et_pb_text _builder_version=\"4.27.4\" _module_preset=\"default\" header_font_size=\"50px\" hover_enabled=\"0\" header_font_size_tablet=\"40px\" header_font_size_phone=\"40px\" header_font_size_last_edited=\"on|tablet\" global_colors_info=\"{}\" sticky_enabled=\"0\"]<\/p><h1>Over ons<\/h1><p>[\/et_pb_text][\/et_pb_column][\/et_pb_row][et_pb_row column_structure=\"3_5,2_5\" admin_label=\"row\" _builder_version=\"4.16\" background_size=\"initial\" background_position=\"top_left\" background_repeat=\"repeat\" global_colors_info=\"{}\"][et_pb_column type=\"3_5\" _builder_version=\"4.16\" custom_padding=\"|||\" global_colors_info=\"{}\" custom_padding__hover=\"|||\"][et_pb_text _builder_version=\"4.27.4\" background_size=\"initial\" background_position=\"top_left\" background_repeat=\"repeat\" hover_enabled=\"0\" global_colors_info=\"{}\" sticky_enabled=\"0\"]<\/p><h2>Thea van Tuijl<\/h2><p>De eerste keer dat ik in contact kwam met de Rebozo was tijdens een Midwifery Today conferentie in Parijs in 2001. Daar ontmoette ik Naoli Vinaver, Mexicaanse vroedvrouw, die les gaf over het gebruik van de Rebozo. Ik was meteen onder de indruk van deze ontspannende massages en de mogelijkheden die de Rebozo bood. Na die eerste keer ontmoette ik Naoli geregeld tijdens de jaarlijkse Midwifery Today conferenties en leerde meer en meer van haar over de Rebozo en over Rebozomassage. Tijdens deze conferenties volgde ik ook de workshops van Angelina Martinez Miranda, eveneens Mexicaans vroedvrouw, met heel veel ervaring.<\/p><p>Toen ik in 2006 samen\u00a0 met anderen de opleiding tot doula in Utrecht startte begon ik de kennis over de Rebozo door te geven. Eerst in de doula-opleiding en daarna in workshops.<br \/>Samen met Mirjam de Keijzer, die inmiddels als doula de nodige ervaring opdeed met Rebozomassage bij haar cli\u00ebnten,\u00a0 begon ik het avontuur om de Rebozo meer bekendheid te geven in Nederland en daar buiten. Zo gaven we workshops in West-Europese landen, maar ook in Rusland, Japan en Turkije.<\/p><p>Als zwangerschapsdocente van de cursus Samen Bevallen was ik al jarenlang betrokken bij de voorbereiding op de bevalling van zwangeren en hun partner. De Rebozo bleek een goede aanvulling te bieden aan de cursus, omdat de partner simpele handelingen kan leren waarmee hij zijn vrouw of vriendin kan helpen ontspannen tijdens de zwangerschap en bevalling.<\/p><p>Het voelt goed om de kennis over de Rebozo door te geven aan iedereen die behoefte heeft aan ontspanning of aan degenen die de Rebozo willen gebruiken in hun praktijk. Het is een super makkelijke en aangename methode.<\/p><p>[\/et_pb_text][\/et_pb_column][et_pb_column type=\"2_5\" _builder_version=\"4.16\" custom_padding=\"|||\" global_colors_info=\"{}\" custom_padding__hover=\"|||\"][et_pb_image src=\"https:\/\/rebozo.nl\/wp-content\/uploads\/thea-rebozo.png\" title_text=\"thea-rebozo\" _builder_version=\"4.27.4\" _module_preset=\"default\" animation_style=\"slide\" animation_direction=\"right\" animation_intensity_slide=\"20%\" hover_enabled=\"0\" global_colors_info=\"{}\" sticky_enabled=\"0\"][\/et_pb_image][\/et_pb_column][\/et_pb_row][et_pb_row column_structure=\"2_5,3_5\" admin_label=\"row\" _builder_version=\"4.16\" background_size=\"initial\" background_position=\"top_left\" background_repeat=\"repeat\" global_colors_info=\"{}\"][et_pb_column type=\"2_5\" _builder_version=\"4.16\" custom_padding=\"|||\" global_colors_info=\"{}\" custom_padding__hover=\"|||\"][et_pb_image src=\"https:\/\/rebozo.nl\/wp-content\/uploads\/mirjam-rebozo.png\" title_text=\"mirjam-rebozo\" _builder_version=\"4.27.4\" _module_preset=\"default\" animation_style=\"slide\" animation_direction=\"left\" animation_intensity_slide=\"20%\" hover_enabled=\"0\" global_colors_info=\"{}\" sticky_enabled=\"0\"][\/et_pb_image][\/et_pb_column][et_pb_column type=\"3_5\" _builder_version=\"4.16\" custom_padding=\"|||\" global_colors_info=\"{}\" custom_padding__hover=\"|||\"][et_pb_text _builder_version=\"4.16\" background_size=\"initial\" background_position=\"top_left\" background_repeat=\"repeat\" global_colors_info=\"{}\"]<\/p><h2>Mirjam de Keijzer<\/h2><p>De eerste keer dat ik in contact kwam met de Rebozo was tijdens een trainingsdag van de doulaopleiding in 2006. Thea van Tuijl was mijn docente en zij leerde mij het basisprincipe van de Rebozo en een paar verschillende posities waarin ik zwangere en barende vrouwen ontspanning zou kunnen brengen. Ik ben dit meteen gaan toepassen bij mijn doulacli\u00ebnten. Zij waren meestal direct enthousiast en voelden zich ontspannen en ondersteund door de Rebozo. Er waren echter ook vrouwen waarvoor deze posities niet comfortabel waren. Toen merkte ik dat ik heel eenvoudig aanpassingen aan kon brengen waardoor wel het gewenste resultaat werd bereikt.<\/p><p>Vanaf dat moment was ik verliefd op de Rebozo!<\/p><p>Nu ik in staat bleek te zijn om met zo weinig ervaring andere posities te vinden, moesten de mogelijkheden wel onbeperkt zijn. Een eenvoudige en effectieve methode die veel mensen zouden kunnen leren en toepassen! Dit inzicht was het startpunt voor Thea en mij om samen te gaan werken en de Rebozo meer bekendheid te geven in Nederland en Europa.<\/p><p>Naast mijn werk als doula en doulatrainer werk ik als zwangerschapsdocente Samen Bevallen, waarbij ik stellen voorbereid op de geboorte van hun kindje. Ook tijdens deze zwangerschapscursus zet ik het gebruik van de Rebozo in omdat ik merkte dat, met name voor de partners, de Rebozo een praktisch toepasbaar gereedschap is wat ze vaak \u2018vlug in de vingers\u2019 hebben.<\/p><p>Vervolgens ben ik zelf ook naar Midwifery Today congressen gegaan om o.a. Naoli Vinaver en Angelina Martinez Miranda te ontmoeten, Mexicaanse vroedvrouwen die Rebozo weer opnieuw onder de aandacht hebben gebracht. Ik ben er dankbaar voor van hen meer geleerd te hebben over deze eeuwenoude Mexicaanse traditie. Dankzij het rechtstreekse contact en de samenwerking met Naoli Vinaver hebben wij deze reis met de Rebozo kunnen starten. Het bleek een wereldreis te worden.<\/p><p>Door al het reizen voor de Rebozoworkshops en de diverse samenwerkingen die daaruit ontstaan, heb ik ervaren dat de Rebozomassage niet alleen voor zwangeren is. Zij kan echter ook voor bijvoorbeeld ouderen en voor mensen die getraumatiseerd zijn, ondersteunend en helend ingezet worden.<\/p><p>Zo blijven mijn inzichten over en mijn liefde voor de Rebozo alsmaar groeien.<\/p><p>[\/et_pb_text][\/et_pb_column][\/et_pb_row][\/et_pb_section]<\/p>","_et_gb_content_width":"","_monsterinsights_skip_tracking":false,"_monsterinsights_sitenote_active":false,"_monsterinsights_sitenote_note":"","_monsterinsights_sitenote_category":0,"footnotes":""},"class_list":["post-10268","page","type-page","status-publish","hentry"],"_links":{"self":[{"href":"https:\/\/rebozo.nl\/de\/wp-json\/wp\/v2\/pages\/10268","targetHints":{"allow":["GET"]}}],"collection":[{"href":"https:\/\/rebozo.nl\/de\/wp-json\/wp\/v2\/pages"}],"about":[{"href":"https:\/\/rebozo.nl\/de\/wp-json\/wp\/v2\/types\/page"}],"author":[{"embeddable":true,"href":"https:\/\/rebozo.nl\/de\/wp-json\/wp\/v2\/users\/131"}],"replies":[{"embeddable":true,"href":"https:\/\/rebozo.nl\/de\/wp-json\/wp\/v2\/comments?post=10268"}],"version-history":[{"count":2,"href":"https:\/\/rebozo.nl\/de\/wp-json\/wp\/v2\/pages\/10268\/revisions"}],"predecessor-version":[{"id":10734,"href":"https:\/\/rebozo.nl\/de\/wp-json\/wp\/v2\/pages\/10268\/revisions\/10734"}],"wp:attachment":[{"href":"https:\/\/rebozo.nl\/de\/wp-json\/wp\/v2\/media?parent=10268"}],"curies":[{"name":"wp","href":"https:\/\/api.w.org\/{rel}","templated":true}]}}